{"id":62,"date":"2026-03-10T20:10:49","date_gmt":"2026-03-10T19:10:49","guid":{"rendered":"https:\/\/astudio.at\/?page_id=62"},"modified":"2026-03-11T22:24:19","modified_gmt":"2026-03-11T21:24:19","slug":"trevel","status":"publish","type":"page","link":"http:\/\/astudio.at\/index.php\/trevel\/","title":{"rendered":"Trevel"},"content":{"rendered":"\n<p><strong>Reisen bedeutet f\u00fcr mich mehr als nur Bewegung im Raum.<br>Es ist wie ein Aufbruch zur Jagd \u2013 eine Jagd nach Emotionen, Stimmungen und neuen Eindr\u00fccken.<\/strong><\/p>\n\n\n\n<p>Das Faszinierende an Reisefotografie ist, dass sie nicht nur bei Menschen Gef\u00fchle weckt, die einen Ort noch nie gesehen haben.<br>Oft ber\u00fchrt sie auch diejenigen, die dort jeden Tag vorbeigehen und irgendwann aufh\u00f6ren, die Sch\u00f6nheit wahrzunehmen, die sie umgibt.<\/p>\n\n\n\n<p>Fotografie kann diesen Blick zur\u00fcckbringen \u2013 und uns daran erinnern, wie besonders selbst vertraute Orte sein k\u00f6nnen.<\/p>\n\n\n\n<p><\/p>\n\n\n\n<figure class=\"wp-block-gallery has-nested-images columns-default is-cropped wp-block-gallery-1 is-layout-flex wp-block-gallery-is-layout-flex\">\n<figure class=\"wp-block-image size-large\"><img loading=\"lazy\" decoding=\"async\" width=\"683\" height=\"1024\" data-id=\"67\" src=\"https:\/\/astudio.at\/wp-content\/uploads\/2026\/03\/509A6311-683x1024.jpg\" alt=\"\" class=\"wp-image-67\" srcset=\"http:\/\/astudio.at\/wp-content\/uploads\/2026\/03\/509A6311-683x1024.jpg 683w, http:\/\/astudio.at\/wp-content\/uploads\/2026\/03\/509A6311-200x300.jpg 200w, http:\/\/astudio.at\/wp-content\/uploads\/2026\/03\/509A6311-768x1152.jpg 768w, http:\/\/astudio.at\/wp-content\/uploads\/2026\/03\/509A6311.jpg 800w\" sizes=\"auto, (max-width: 683px) 100vw, 683px\" \/><\/figure>\n\n\n\n<figure class=\"wp-block-image size-large\"><img loading=\"lazy\" decoding=\"async\" width=\"683\" height=\"1024\" data-id=\"68\" src=\"https:\/\/astudio.at\/wp-content\/uploads\/2026\/03\/509A6314-683x1024.jpg\" alt=\"\" class=\"wp-image-68\" srcset=\"http:\/\/astudio.at\/wp-content\/uploads\/2026\/03\/509A6314-683x1024.jpg 683w, http:\/\/astudio.at\/wp-content\/uploads\/2026\/03\/509A6314-200x300.jpg 200w, http:\/\/astudio.at\/wp-content\/uploads\/2026\/03\/509A6314-768x1152.jpg 768w, http:\/\/astudio.at\/wp-content\/uploads\/2026\/03\/509A6314.jpg 800w\" sizes=\"auto, (max-width: 683px) 100vw, 683px\" \/><\/figure>\n\n\n\n<figure class=\"wp-block-image size-large\"><img loading=\"lazy\" decoding=\"async\" width=\"1024\" height=\"683\" data-id=\"69\" src=\"https:\/\/astudio.at\/wp-content\/uploads\/2026\/03\/509A6316-1024x683.jpg\" alt=\"\" class=\"wp-image-69\" srcset=\"http:\/\/astudio.at\/wp-content\/uploads\/2026\/03\/509A6316-1024x683.jpg 1024w, http:\/\/astudio.at\/wp-content\/uploads\/2026\/03\/509A6316-300x200.jpg 300w, http:\/\/astudio.at\/wp-content\/uploads\/2026\/03\/509A6316-768x512.jpg 768w, http:\/\/astudio.at\/wp-content\/uploads\/2026\/03\/509A6316.jpg 1200w\" sizes=\"auto, (max-width: 767px) 89vw, (max-width: 1000px) 54vw, (max-width: 1071px) 543px, 580px\" \/><\/figure>\n\n\n\n<figure class=\"wp-block-image size-large\"><img loading=\"lazy\" decoding=\"async\" width=\"1024\" height=\"683\" data-id=\"66\" src=\"https:\/\/astudio.at\/wp-content\/uploads\/2026\/03\/509A5835-1024x683.jpg\" alt=\"\" class=\"wp-image-66\" srcset=\"http:\/\/astudio.at\/wp-content\/uploads\/2026\/03\/509A5835-1024x683.jpg 1024w, http:\/\/astudio.at\/wp-content\/uploads\/2026\/03\/509A5835-300x200.jpg 300w, http:\/\/astudio.at\/wp-content\/uploads\/2026\/03\/509A5835-768x512.jpg 768w, http:\/\/astudio.at\/wp-content\/uploads\/2026\/03\/509A5835.jpg 1200w\" sizes=\"auto, (max-width: 767px) 89vw, (max-width: 1000px) 54vw, (max-width: 1071px) 543px, 580px\" \/><\/figure>\n\n\n\n<figure class=\"wp-block-image size-large\"><img loading=\"lazy\" decoding=\"async\" width=\"683\" height=\"1024\" data-id=\"70\" src=\"https:\/\/astudio.at\/wp-content\/uploads\/2026\/03\/509A5838-683x1024.jpg\" alt=\"\" class=\"wp-image-70\" srcset=\"http:\/\/astudio.at\/wp-content\/uploads\/2026\/03\/509A5838-683x1024.jpg 683w, http:\/\/astudio.at\/wp-content\/uploads\/2026\/03\/509A5838-200x300.jpg 200w, http:\/\/astudio.at\/wp-content\/uploads\/2026\/03\/509A5838-768x1152.jpg 768w, http:\/\/astudio.at\/wp-content\/uploads\/2026\/03\/509A5838.jpg 800w\" sizes=\"auto, (max-width: 683px) 100vw, 683px\" \/><\/figure>\n\n\n\n<figure class=\"wp-block-image size-large\"><img loading=\"lazy\" decoding=\"async\" width=\"683\" height=\"1024\" data-id=\"72\" src=\"https:\/\/astudio.at\/wp-content\/uploads\/2026\/03\/509A5908-683x1024.jpg\" alt=\"\" class=\"wp-image-72\" srcset=\"http:\/\/astudio.at\/wp-content\/uploads\/2026\/03\/509A5908-683x1024.jpg 683w, http:\/\/astudio.at\/wp-content\/uploads\/2026\/03\/509A5908-200x300.jpg 200w, http:\/\/astudio.at\/wp-content\/uploads\/2026\/03\/509A5908-768x1152.jpg 768w, http:\/\/astudio.at\/wp-content\/uploads\/2026\/03\/509A5908.jpg 800w\" sizes=\"auto, (max-width: 683px) 100vw, 683px\" \/><\/figure>\n\n\n\n<figure class=\"wp-block-image size-large\"><img loading=\"lazy\" decoding=\"async\" width=\"683\" height=\"1024\" data-id=\"71\" src=\"https:\/\/astudio.at\/wp-content\/uploads\/2026\/03\/509A5917-683x1024.jpg\" alt=\"\" class=\"wp-image-71\" srcset=\"http:\/\/astudio.at\/wp-content\/uploads\/2026\/03\/509A5917-683x1024.jpg 683w, http:\/\/astudio.at\/wp-content\/uploads\/2026\/03\/509A5917-200x300.jpg 200w, http:\/\/astudio.at\/wp-content\/uploads\/2026\/03\/509A5917-768x1152.jpg 768w, http:\/\/astudio.at\/wp-content\/uploads\/2026\/03\/509A5917.jpg 800w\" sizes=\"auto, (max-width: 683px) 100vw, 683px\" \/><\/figure>\n<\/figure>\n\n\n\n<hr class=\"wp-block-separator has-alpha-channel-opacity\"\/>\n\n\n<style type=\"text\/css\">\n#foogallery-gallery-74.fg-justified .fg-item { margin-right: 2px; margin-bottom: 2px; }\n#foogallery-gallery-74.fg-justified .fg-image { height: 200px; }<\/style>\n\t\t\t<div class=\"foogallery foogallery-container foogallery-justified foogallery-lightbox-foogallery fg-justified fg-ready fg-light fg-shadow-outline fg-loading-default fg-loaded-fade-in fg-caption-always fg-hover-fade fg-hover-zoom2\" id=\"foogallery-gallery-74\" data-foogallery=\"{&quot;item&quot;:{&quot;showCaptionTitle&quot;:true,&quot;showCaptionDescription&quot;:false},&quot;lazy&quot;:true,&quot;template&quot;:{&quot;rowHeight&quot;:200,&quot;maxRowHeight&quot;:300,&quot;margins&quot;:2,&quot;align&quot;:&quot;center&quot;,&quot;lastRow&quot;:&quot;smart&quot;}}\" data-foogallery-lightbox=\"{&quot;thumbs&quot;:&quot;bottom&quot;,&quot;thumbsCaptions&quot;:false,&quot;thumbsBestFit&quot;:false,&quot;thumbsSmall&quot;:false,&quot;thumbsCaptionsAlign&quot;:&quot;default&quot;,&quot;info&quot;:&quot;bottom&quot;,&quot;infoVisible&quot;:true,&quot;infoOverlay&quot;:true,&quot;infoAlign&quot;:&quot;default&quot;,&quot;transition&quot;:&quot;fade&quot;,&quot;hoverButtons&quot;:false,&quot;fitMedia&quot;:false,&quot;noScrollbars&quot;:true,&quot;preserveButtonSpace&quot;:true,&quot;buttons&quot;:{&quot;fullscreen&quot;:true,&quot;info&quot;:true,&quot;thumbs&quot;:false},&quot;video&quot;:{&quot;autoPlay&quot;:true}}\" style=\"--fg-title-line-clamp: 1; --fg-description-line-clamp: 2;\" >\n\t<div class=\"fg-item fg-type-image fg-idle\"><figure class=\"fg-item-inner\"><a href=\"http:\/\/astudio.at\/wp-content\/uploads\/2026\/03\/509A6196.jpg\" data-attachment-id=\"75\" data-type=\"image\" class=\"fg-thumb\"><span class=\"fg-image-wrap\"><img fetchpriority=\"high\" decoding=\"async\" height=\"300\" width=\"450\" class=\"skip-lazy fg-image\" data-src-fg=\"http:\/\/astudio.at\/wp-content\/uploads\/cache\/2026\/03\/509A6196\/1201055588.jpg\" src=\"data:image\/svg+xml,%3Csvg%20xmlns%3D%22http%3A%2F%2Fwww.w3.org%2F2000%2Fsvg%22%20width%3D%22450%22%20height%3D%22300%22%20viewBox%3D%220%200%20450%20300%22%3E%3C%2Fsvg%3E\" loading=\"eager\"><\/span><span class=\"fg-image-overlay\"><\/span><\/a><\/figure><div class=\"fg-loader\"><\/div><\/div><div class=\"fg-item fg-type-image fg-idle\"><figure class=\"fg-item-inner\"><a href=\"http:\/\/astudio.at\/wp-content\/uploads\/2026\/03\/509A6286.jpg\" data-attachment-id=\"76\" data-type=\"image\" class=\"fg-thumb\"><span class=\"fg-image-wrap\"><img decoding=\"async\" height=\"300\" width=\"450\" class=\"skip-lazy fg-image\" data-src-fg=\"http:\/\/astudio.at\/wp-content\/uploads\/cache\/2026\/03\/509A6286\/1442240707.jpg\" src=\"data:image\/svg+xml,%3Csvg%20xmlns%3D%22http%3A%2F%2Fwww.w3.org%2F2000%2Fsvg%22%20width%3D%22450%22%20height%3D%22300%22%20viewBox%3D%220%200%20450%20300%22%3E%3C%2Fsvg%3E\" loading=\"eager\"><\/span><span class=\"fg-image-overlay\"><\/span><\/a><\/figure><div class=\"fg-loader\"><\/div><\/div><div class=\"fg-item fg-type-image fg-idle\"><figure class=\"fg-item-inner\"><a href=\"http:\/\/astudio.at\/wp-content\/uploads\/2026\/03\/509A6309.jpg\" data-attachment-id=\"77\" data-type=\"image\" class=\"fg-thumb\"><span class=\"fg-image-wrap\"><img decoding=\"async\" height=\"300\" width=\"200\" class=\"skip-lazy fg-image\" data-src-fg=\"http:\/\/astudio.at\/wp-content\/uploads\/cache\/2026\/03\/509A6309\/2195174164.jpg\" src=\"data:image\/svg+xml,%3Csvg%20xmlns%3D%22http%3A%2F%2Fwww.w3.org%2F2000%2Fsvg%22%20width%3D%22200%22%20height%3D%22300%22%20viewBox%3D%220%200%20200%20300%22%3E%3C%2Fsvg%3E\" loading=\"eager\"><\/span><span class=\"fg-image-overlay\"><\/span><\/a><\/figure><div class=\"fg-loader\"><\/div><\/div><div class=\"fg-item fg-type-image fg-idle\"><figure class=\"fg-item-inner\"><a href=\"http:\/\/astudio.at\/wp-content\/uploads\/2026\/03\/509A6321.jpg\" data-attachment-id=\"78\" data-type=\"image\" class=\"fg-thumb\"><span class=\"fg-image-wrap\"><img decoding=\"async\" height=\"300\" width=\"200\" class=\"skip-lazy fg-image\" data-src-fg=\"http:\/\/astudio.at\/wp-content\/uploads\/cache\/2026\/03\/509A6321\/2679709662.jpg\" src=\"data:image\/svg+xml,%3Csvg%20xmlns%3D%22http%3A%2F%2Fwww.w3.org%2F2000%2Fsvg%22%20width%3D%22200%22%20height%3D%22300%22%20viewBox%3D%220%200%20200%20300%22%3E%3C%2Fsvg%3E\" loading=\"eager\"><\/span><span class=\"fg-image-overlay\"><\/span><\/a><\/figure><div class=\"fg-loader\"><\/div><\/div><div class=\"fg-item fg-type-image fg-idle\"><figure class=\"fg-item-inner\"><a href=\"http:\/\/astudio.at\/wp-content\/uploads\/2026\/03\/509A6332.jpg\" data-attachment-id=\"79\" data-type=\"image\" class=\"fg-thumb\"><span class=\"fg-image-wrap\"><img decoding=\"async\" height=\"300\" width=\"450\" class=\"skip-lazy fg-image\" data-src-fg=\"http:\/\/astudio.at\/wp-content\/uploads\/cache\/2026\/03\/509A6332\/1549188131.jpg\" src=\"data:image\/svg+xml,%3Csvg%20xmlns%3D%22http%3A%2F%2Fwww.w3.org%2F2000%2Fsvg%22%20width%3D%22450%22%20height%3D%22300%22%20viewBox%3D%220%200%20450%20300%22%3E%3C%2Fsvg%3E\" loading=\"eager\"><\/span><span class=\"fg-image-overlay\"><\/span><\/a><\/figure><div class=\"fg-loader\"><\/div><\/div><div class=\"fg-item fg-type-image fg-idle\"><figure class=\"fg-item-inner\"><a href=\"http:\/\/astudio.at\/wp-content\/uploads\/2026\/03\/509A6352.jpg\" data-attachment-id=\"80\" data-type=\"image\" class=\"fg-thumb\"><span class=\"fg-image-wrap\"><img decoding=\"async\" height=\"300\" width=\"200\" class=\"skip-lazy fg-image\" data-src-fg=\"http:\/\/astudio.at\/wp-content\/uploads\/cache\/2026\/03\/509A6352\/211340024.jpg\" src=\"data:image\/svg+xml,%3Csvg%20xmlns%3D%22http%3A%2F%2Fwww.w3.org%2F2000%2Fsvg%22%20width%3D%22200%22%20height%3D%22300%22%20viewBox%3D%220%200%20200%20300%22%3E%3C%2Fsvg%3E\" loading=\"eager\"><\/span><span class=\"fg-image-overlay\"><\/span><\/a><\/figure><div class=\"fg-loader\"><\/div><\/div><div class=\"fg-item fg-type-image fg-idle\"><figure class=\"fg-item-inner\"><a href=\"http:\/\/astudio.at\/wp-content\/uploads\/2026\/03\/509A6376.jpg\" data-attachment-id=\"81\" data-type=\"image\" class=\"fg-thumb\"><span class=\"fg-image-wrap\"><img decoding=\"async\" height=\"300\" width=\"200\" class=\"skip-lazy fg-image\" data-src-fg=\"http:\/\/astudio.at\/wp-content\/uploads\/cache\/2026\/03\/509A6376\/4232010969.jpg\" src=\"data:image\/svg+xml,%3Csvg%20xmlns%3D%22http%3A%2F%2Fwww.w3.org%2F2000%2Fsvg%22%20width%3D%22200%22%20height%3D%22300%22%20viewBox%3D%220%200%20200%20300%22%3E%3C%2Fsvg%3E\" loading=\"eager\"><\/span><span class=\"fg-image-overlay\"><\/span><\/a><\/figure><div class=\"fg-loader\"><\/div><\/div><div class=\"fg-item fg-type-image fg-idle\"><figure class=\"fg-item-inner\"><a href=\"http:\/\/astudio.at\/wp-content\/uploads\/2026\/03\/509A6488.jpg\" data-attachment-id=\"82\" data-type=\"image\" class=\"fg-thumb\"><span class=\"fg-image-wrap\"><img decoding=\"async\" height=\"300\" width=\"200\" class=\"skip-lazy fg-image\" data-src-fg=\"http:\/\/astudio.at\/wp-content\/uploads\/cache\/2026\/03\/509A6488\/989612708.jpg\" src=\"data:image\/svg+xml,%3Csvg%20xmlns%3D%22http%3A%2F%2Fwww.w3.org%2F2000%2Fsvg%22%20width%3D%22200%22%20height%3D%22300%22%20viewBox%3D%220%200%20200%20300%22%3E%3C%2Fsvg%3E\" loading=\"eager\"><\/span><span class=\"fg-image-overlay\"><\/span><\/a><\/figure><div class=\"fg-loader\"><\/div><\/div><\/div>\n\n\n\n\n<p><\/p>\n","protected":false},"excerpt":{"rendered":"<p>Reisen bedeutet f\u00fcr mich mehr als nur Bewegung im Raum.Es ist wie ein Aufbruch zur Jagd \u2013 eine Jagd nach Emotionen, Stimmungen und neuen Eindr\u00fccken. Das Faszinierende an Reisefotografie ist, dass sie nicht nur bei Menschen Gef\u00fchle weckt, die einen Ort noch nie gesehen haben.Oft ber\u00fchrt sie auch diejenigen, die dort jeden Tag vorbeigehen und &hellip; <\/p>\n<p class=\"link-more\"><a href=\"http:\/\/astudio.at\/index.php\/trevel\/\" class=\"more-link\">\u0427\u0438\u0442\u0430\u0442\u044c \u0434\u0430\u043b\u0435\u0435<span class=\"screen-reader-text\"> \u00abTrevel\u00bb<\/span><\/a><\/p>\n","protected":false},"author":1,"featured_media":0,"parent":0,"menu_order":0,"comment_status":"closed","ping_status":"closed","template":"","meta":{"footnotes":""},"class_list":["post-62","page","type-page","status-publish","hentry"],"_links":{"self":[{"href":"http:\/\/astudio.at\/index.php\/wp-json\/wp\/v2\/pages\/62","targetHints":{"allow":["GET"]}}],"collection":[{"href":"http:\/\/astudio.at\/index.php\/wp-json\/wp\/v2\/pages"}],"about":[{"href":"http:\/\/astudio.at\/index.php\/wp-json\/wp\/v2\/types\/page"}],"author":[{"embeddable":true,"href":"http:\/\/astudio.at\/index.php\/wp-json\/wp\/v2\/users\/1"}],"replies":[{"embeddable":true,"href":"http:\/\/astudio.at\/index.php\/wp-json\/wp\/v2\/comments?post=62"}],"version-history":[{"count":3,"href":"http:\/\/astudio.at\/index.php\/wp-json\/wp\/v2\/pages\/62\/revisions"}],"predecessor-version":[{"id":83,"href":"http:\/\/astudio.at\/index.php\/wp-json\/wp\/v2\/pages\/62\/revisions\/83"}],"wp:attachment":[{"href":"http:\/\/astudio.at\/index.php\/wp-json\/wp\/v2\/media?parent=62"}],"curies":[{"name":"wp","href":"https:\/\/api.w.org\/{rel}","templated":true}]}}