{"id":19,"date":"2025-12-26T12:30:39","date_gmt":"2025-12-26T11:30:39","guid":{"rendered":"http:\/\/astudio.at\/?page_id=19"},"modified":"2026-01-03T00:20:15","modified_gmt":"2026-01-02T23:20:15","slug":"ueber-uns","status":"publish","type":"page","link":"http:\/\/astudio.at\/index.php\/ueber-uns\/","title":{"rendered":"Sport"},"content":{"rendered":"\n<p>Sport. Moment. Ergebnis.<\/p>\n\n\n\n<p>Sportwettk\u00e4mpfe sind eine Konzentration von Anstrengung, Geschwindigkeit und Emotionen. In Bruchteilen von Sekunden entscheidet sich der Ausgang, und genau in diesen Augenblicken entstehen die st\u00e4rksten Bilder.<\/p>\n\n\n\n<p>In diesem Abschnitt werden Fotos gezeigt, die mitten im Kampf aufgenommen wurden: der entscheidende Sprung, die Anspannung vor dem Ziel, die Freude \u00fcber den Sieg und die ehrliche Ersch\u00f6pfung danach. Ich arbeite so, dass das Bild nicht nur die Handlung, sondern auch die Atmosph\u00e4re des Ereignisses vermittelt \u2013 die Energie der Trib\u00fcnen, den Charakter der Sportler und den Wert jedes Ergebnisses.<\/p>\n\n\n\n<p>Meine Aufgabe ist es, einen Moment festzuhalten, der sich nie wiederholen wird, und den Sport so zu zeigen, wie ihn die Teilnehmer erleben: lebendig, ehrlich und echt.<\/p>\n","protected":false},"excerpt":{"rendered":"<p>Sport. Moment. Ergebnis. Sportwettk\u00e4mpfe sind eine Konzentration von Anstrengung, Geschwindigkeit und Emotionen. In Bruchteilen von Sekunden entscheidet sich der Ausgang, und genau in diesen Augenblicken entstehen die st\u00e4rksten Bilder. In diesem Abschnitt werden Fotos gezeigt, die mitten im Kampf aufgenommen wurden: der entscheidende Sprung, die Anspannung vor dem Ziel, die Freude \u00fcber den Sieg und &hellip; <\/p>\n<p class=\"link-more\"><a href=\"http:\/\/astudio.at\/index.php\/ueber-uns\/\" class=\"more-link\">\u0427\u0438\u0442\u0430\u0442\u044c \u0434\u0430\u043b\u0435\u0435<span class=\"screen-reader-text\"> \u00abSport\u00bb<\/span><\/a><\/p>\n","protected":false},"author":1,"featured_media":51,"parent":0,"menu_order":0,"comment_status":"closed","ping_status":"closed","template":"","meta":{"footnotes":""},"class_list":["post-19","page","type-page","status-publish","has-post-thumbnail","hentry"],"_links":{"self":[{"href":"http:\/\/astudio.at\/index.php\/wp-json\/wp\/v2\/pages\/19","targetHints":{"allow":["GET"]}}],"collection":[{"href":"http:\/\/astudio.at\/index.php\/wp-json\/wp\/v2\/pages"}],"about":[{"href":"http:\/\/astudio.at\/index.php\/wp-json\/wp\/v2\/types\/page"}],"author":[{"embeddable":true,"href":"http:\/\/astudio.at\/index.php\/wp-json\/wp\/v2\/users\/1"}],"replies":[{"embeddable":true,"href":"http:\/\/astudio.at\/index.php\/wp-json\/wp\/v2\/comments?post=19"}],"version-history":[{"count":3,"href":"http:\/\/astudio.at\/index.php\/wp-json\/wp\/v2\/pages\/19\/revisions"}],"predecessor-version":[{"id":52,"href":"http:\/\/astudio.at\/index.php\/wp-json\/wp\/v2\/pages\/19\/revisions\/52"}],"wp:featuredmedia":[{"embeddable":true,"href":"http:\/\/astudio.at\/index.php\/wp-json\/wp\/v2\/media\/51"}],"wp:attachment":[{"href":"http:\/\/astudio.at\/index.php\/wp-json\/wp\/v2\/media?parent=19"}],"curies":[{"name":"wp","href":"https:\/\/api.w.org\/{rel}","templated":true}]}}