{"id":18,"date":"2025-12-26T12:30:39","date_gmt":"2025-12-26T11:30:39","guid":{"rendered":"http:\/\/astudio.at\/?page_id=18"},"modified":"2025-12-26T12:37:32","modified_gmt":"2025-12-26T11:37:32","slug":"startseite","status":"publish","type":"page","link":"http:\/\/astudio.at\/","title":{"rendered":"Startseite"},"content":{"rendered":"\n<p>Hallo, mein Name ist <strong>Artur Shafeev<\/strong>.<br>Ich bin Fotograf. Ich mache lebendige, nat\u00fcrliche Aufnahmen ohne unn\u00f6tige Inszenierung.<br>Meine Aufgabe ist es, Momente festzuhalten, zu denen man gerne zur\u00fcckkehrt.<\/p>\n\n\n\n<p><\/p>\n","protected":false},"excerpt":{"rendered":"<p>Hallo, mein Name ist Artur Shafeev.Ich bin Fotograf. Ich mache lebendige, nat\u00fcrliche Aufnahmen ohne unn\u00f6tige Inszenierung.Meine Aufgabe ist es, Momente festzuhalten, zu denen man gerne zur\u00fcckkehrt.<\/p>\n","protected":false},"author":1,"featured_media":0,"parent":0,"menu_order":0,"comment_status":"closed","ping_status":"closed","template":"","meta":{"footnotes":""},"class_list":["post-18","page","type-page","status-publish","hentry"],"_links":{"self":[{"href":"http:\/\/astudio.at\/index.php\/wp-json\/wp\/v2\/pages\/18","targetHints":{"allow":["GET"]}}],"collection":[{"href":"http:\/\/astudio.at\/index.php\/wp-json\/wp\/v2\/pages"}],"about":[{"href":"http:\/\/astudio.at\/index.php\/wp-json\/wp\/v2\/types\/page"}],"author":[{"embeddable":true,"href":"http:\/\/astudio.at\/index.php\/wp-json\/wp\/v2\/users\/1"}],"replies":[{"embeddable":true,"href":"http:\/\/astudio.at\/index.php\/wp-json\/wp\/v2\/comments?post=18"}],"version-history":[{"count":2,"href":"http:\/\/astudio.at\/index.php\/wp-json\/wp\/v2\/pages\/18\/revisions"}],"predecessor-version":[{"id":41,"href":"http:\/\/astudio.at\/index.php\/wp-json\/wp\/v2\/pages\/18\/revisions\/41"}],"wp:attachment":[{"href":"http:\/\/astudio.at\/index.php\/wp-json\/wp\/v2\/media?parent=18"}],"curies":[{"name":"wp","href":"https:\/\/api.w.org\/{rel}","templated":true}]}}